{"id":82,"date":"2020-12-28T20:02:23","date_gmt":"2020-12-28T19:02:23","guid":{"rendered":"http:\/\/www.domus.it\/?page_id=82"},"modified":"2021-02-20T08:35:38","modified_gmt":"2021-02-20T07:35:38","slug":"privacy-policy-2","status":"publish","type":"page","link":"http:\/\/www.domus.it\/?page_id=82","title":{"rendered":"Privacy Policy"},"content":{"rendered":"\n<p>Netline srl, con CF 03154060267 (di seguito \u201cTitolare\u201d), in qualit\u00e0 di titolare del trattamento, La informa che i dati personali da Lei forniti ai fini della registrazione, ovvero altrimenti acquisiti nell&#8217;ambito della propria attivit\u00e0 saranno trattati nel rispetto del D. Lgs. 30\/06\/2003 n. 196 &#8211; Codice in materia di protezione dei dati personali come modificato ed integrato dal Regolamento UE 679\/2016 &#8211; GDPR (di seguito \u201cNormativa Privacy\u201d), con modalit\u00e0 idonee a garantirne la sicurezza e la riservatezza e, comunque, con strumenti manuali, elettronici ed automatizzati.<br>In relazione all&#8217;utilizzo del sito\u00a0<a rel=\"noreferrer noopener\" href=\"http:\/\/www.domus.it\/\" target=\"_blank\">www.domus.it<\/a>\u00a0vi sono due tipologie di utenti: Privati ed mediatori immobiliari che accedono ai servizi a loro destinati dopo la registrazione.<br><br>1. Finalit\u00e0 del trattamento<br>Il trattamento dei Dati \u00e8 finalizzato:<br>a) all&#8217;esecuzione degli obblighi derivanti dai rapporti contrattuali instaurati o per adempiere, anche in fase precontrattuale, a Sue specifiche richieste, nonch\u00e9 a obblighi di natura contabile e fiscale;<br>b) con il Suo consenso, all\u2019invio di materiale promozionale e pubblicitario inerente servizi erogati dal Titolare medesimo e\/o da societ\u00e0 controllanti di controllate da, soggette a comune controllo con, collegate a o convenzionate<br>con il Titolare.<br><br>2. Obbligatoriet\u00e0 del conferimento dei dati personali<br>Tutti i dati personali richiesti sono obbligatori. Il mancato conferimento dei dati comporter\u00e0 l&#8217;impossibilit\u00e0 per il Titolare di dare seguito alle richieste e di espletare alcuni dei servizi richiesti.<br><br>3. Comunicazione e diffusione dei Dati<br>a) Per il conseguimento delle finalit\u00e0 di cui al precedente punto 1), lett. a), potrebbe rendersi necessario comunicare i Suoi Dati a terzi. Tale comunicazione non necessita di un Suo espresso consenso dal momento che \u00e8 finalizzata all\u2019esecuzione degli obblighi derivanti dai rapporti contrattuali instaurati o per adempiere, anche in fase precontrattuale, a Sue specifiche richieste.<br>b) Per il conseguimento delle finalit\u00e0 di cui al precedente punto 1), lett. b), sar\u00e0 necessario comunicare i Suoi Dati a societ\u00e0 controllanti di, controllate da, soggette a comune controllo con, collegate a o convenzionate con il Titolare quali: mediatori immobiliari, societ\u00e0 di mediazione creditizia o agenti in attivit\u00e0 finanziaria, istituti di credito, assicurativi, e, in generale, societ\u00e0 che prestano servizi immobiliari. Tale comunicazione necessita di un Suo espresso e libero consenso.<br><br>4. Diritti dell\u2019interessato<br>In ogni momento, ai sensi della Normativa Privacy:<br>a) \u00e8 Suo diritto ottenere:<br>I. la conferma dell&#8217;esistenza o meno di Dati che La riguardano, anche se non ancora registrati, e la loro comunicazione in forma intelligibile.<br>II. l&#8217;indicazione:<br>\u2022 dell&#8217;origine dei Dati;<br>\u2022 delle finalit\u00e0 e modalit\u00e0 del trattamento;<br>\u2022 della logica applicata in caso di trattamento effettuato con l&#8217;ausilio di strumenti elettronici;<br>\u2022 degli estremi identificativi del titolare, dei responsabili e del rappresentante designato;<br>\u2022 dei soggetti o delle categorie di soggetti ai quali i Dati possono essere comunicati o che possono venirne a conoscenza in qualit\u00e0 di rappresentante designato nel territorio dello Stato, di responsabili incaricati.<br>III. l&#8217;aggiornamento, la rettificazione ovvero, l&#8217;integrazione dei Dati;<br>IV. la cancellazione, la trasformazione in forma anonima o il blocco dei Dati trattati in violazione di legge, compresi quelli di cui non \u00e8 necessaria la conservazione in relazione agli scopi per i quali i Dati sono stati raccolti o successivamente trattati;<br>V. l&#8217;attestazione che le operazioni di cui ai punti iii. e iv. sono state portate a conoscenza, anche per quanto riguarda il loro contenuto, di coloro ai quali i Dati sono stati comunicati o diffusi, eccettuato il caso in cui tale adempimento si rivela impossibile o comporta un impiego di mezzi manifestamente sproporzionato rispetto al diritto tutelato.<br>b) \u00e8 Suo diritto opporsi, in tutto o in parte: i. per motivi legittimi, al trattamento dei dati personali che La riguardano, ancorch\u00e9 pertinenti allo scopo della raccolta; ii. al trattamento di dati personali che La riguardano a fini di invio di materiale pubblicitario o di vendita diretta o per il compimento di ricerche di mercato o di comunicazione commerciale.<\/p>\n\n\n\n<p>Al fine dell\u2019esercizio dei predetti diritti, nonch\u00e9 per la modifica dei consensi e l\u2019ottenimento dell\u2019elenco dei responsabili, potr\u00e0 rivolgersi a Netline S.r.l. Conegliano, 31015, via Dei Cappuccini 11\/E, e mail&nbsp;<a rel=\"noreferrer noopener\" href=\"mailto:info@nline.it\" target=\"_blank\">info@nline.it<\/a><\/p>\n","protected":false},"excerpt":{"rendered":"<p>Netline srl, con CF 03154060267 (di seguito \u201cTitolare\u201d), in qualit\u00e0 di titolare del trattamento, La informa che i dati personali da Lei forniti ai fini della registrazione, ovvero altrimenti acquisiti nell&#8217;ambito della propria attivit\u00e0 saranno trattati nel rispetto del D. Lgs. 30\/06\/2003 n. 196 &#8211; Codice in materia di protezione dei dati personali come modificato [&hellip;]<\/p>\n","protected":false},"author":1,"featured_media":0,"parent":0,"menu_order":0,"comment_status":"closed","ping_status":"closed","template":"","meta":[],"_links":{"self":[{"href":"http:\/\/www.domus.it\/index.php?rest_route=\/wp\/v2\/pages\/82"}],"collection":[{"href":"http:\/\/www.domus.it\/index.php?rest_route=\/wp\/v2\/pages"}],"about":[{"href":"http:\/\/www.domus.it\/index.php?rest_route=\/wp\/v2\/types\/page"}],"author":[{"embeddable":true,"href":"http:\/\/www.domus.it\/index.php?rest_route=\/wp\/v2\/users\/1"}],"replies":[{"embeddable":true,"href":"http:\/\/www.domus.it\/index.php?rest_route=%2Fwp%2Fv2%2Fcomments&post=82"}],"version-history":[{"count":3,"href":"http:\/\/www.domus.it\/index.php?rest_route=\/wp\/v2\/pages\/82\/revisions"}],"predecessor-version":[{"id":150,"href":"http:\/\/www.domus.it\/index.php?rest_route=\/wp\/v2\/pages\/82\/revisions\/150"}],"wp:attachment":[{"href":"http:\/\/www.domus.it\/index.php?rest_route=%2Fwp%2Fv2%2Fmedia&parent=82"}],"curies":[{"name":"wp","href":"https:\/\/api.w.org\/{rel}","templated":true}]}}